{"id":1176,"date":"2020-04-08T18:33:34","date_gmt":"2020-04-08T18:33:34","guid":{"rendered":"https:\/\/www.ideacasajesolo.it\/condizioni-generali-daffitto\/"},"modified":"2020-04-08T18:35:01","modified_gmt":"2020-04-08T18:35:01","slug":"condizioni-generali-daffitto","status":"publish","type":"page","link":"https:\/\/www.ideacasajesolo.it\/de\/condizioni-generali-daffitto\/","title":{"rendered":"Condizioni generali d&#8217;affitto"},"content":{"rendered":"\t\t<div data-elementor-type=\"wp-page\" data-elementor-id=\"1176\" class=\"elementor elementor-1176 elementor-1171\" data-elementor-post-type=\"page\">\n\t\t\t\t\t\t<section class=\"elementor-section elementor-top-section elementor-element elementor-element-49ad632 elementor-section-boxed elementor-section-height-default elementor-section-height-default\" data-id=\"49ad632\" data-element_type=\"section\">\n\t\t\t\t\t\t<div class=\"elementor-container elementor-column-gap-default\">\n\t\t\t\t\t<div class=\"elementor-column elementor-col-100 elementor-top-column elementor-element elementor-element-dfb34da\" data-id=\"dfb34da\" data-element_type=\"column\">\n\t\t\t<div class=\"elementor-widget-wrap elementor-element-populated\">\n\t\t\t\t\t\t<div class=\"elementor-element elementor-element-05da77a elementor-widget elementor-widget-text-editor\" data-id=\"05da77a\" data-element_type=\"widget\" data-widget_type=\"text-editor.default\">\n\t\t\t\t<div class=\"elementor-widget-container\">\n\t\t\t\t\t\t\t<p>CONDIZIONI GENERALI D\u2019AFFITTO<\/p>\n<ol>\n<li>PRENOTAZIONE.&nbsp;<\/li><li>La prenotazione \u00e8 da intendersi definitivamente confermata solo al ricevimento della &#8222;conferma di affitto&#8220; che l&#8217;Immobiliare Idea Casa spedir\u00e0\/consegner\u00e0 immediatamente dopo aver ricevuto la caparra.<\/li><li><br><\/li>\n<li>PAGAMENTO.&nbsp;<\/li><li>Il 30% del canone d&#8217;affitto (minimo di \u20ac 100,00) deve essere versato a titolo di caparra direttamente all&#8217;Immobiliare Idea Casa o presso l\u2019Immobiliare stessa o tramite bonifico bancario per il quale l\u2019Agenzia fornir\u00e0 gli estremi IBAN. Il saldo del canone di affitto dovr\u00e0 essere effettuato all&#8217;arrivo, contestualmente al ritiro delle chiavi dell&#8217;appartamento, al versamento del deposito cauzionale indicato al punto 10, al versamento di \u20ac 16,00 per la marca da bollo sul contratto (art. 2 DPR 642\/1972) ed al dovuto corrisposto di Tassa di Soggiorno, calcolata come previsto dalle vigenti normative comunali.&nbsp;Il pagamento del saldo superiore ad \u20ac 2.999,99 non potr\u00e0 essere effettuato in contanti.<\/li>\n<li>DISDETTA. Nel caso il richiedente sia costretto a disdire la prenotazione dovr\u00e0 darne comunicazione scritta almeno 5 settimane prima dell&#8217;inizio del soggiorno; la caparra verr\u00e0 restituita trattenendo unicamente le spese di agenzia. Negli altri casi la disdetta della prenotazione non produce la restituzione di quanto versato, e nel caso l\u2019agenzia non riuscisse ad affittare ad altri l\u2019appartamento, il&nbsp;richiedente \u00e8 tenuto a versare anche il rimanente importo a saldo del canone pattuito.<\/li><li><br><\/li>\n<li>ARRIVO.&nbsp;<\/li><li>L&#8217;arrivo deve avvenire nel giorno stabilito, tra le ore 15.00 e le ore 18.30 presso gli Uffici dell\u2019Immobiliare Idea Casa in via Aquileia n\u00b040 &#8211; JESOLO. In caso di ritardo si prega di avvisare tempestivamente l\u2019Agenzia, diversamente l&#8217;appartamento sar\u00e0 tenuto a disposizione solo per i successivi 3 giorni dopodich\u00e9 potr\u00e0 essere riaffittato. All&#8217;arrivo dovranno essere esibiti per la registrazione i documenti di identit\u00e0 di tutte le persone che&nbsp;occuperanno l&#8217;appartamento.<\/li><li><br><\/li>\n<li>PARTENZA.<\/li><li>L&#8217;appartamento deve essere lasciato libero entro le ore 9.00 del giorno stabilito. La&nbsp;partenza deve avvenire nell&#8217;orario previsto al fine di consentire al personale addetto il controllo dello stato di manutenzione e la pulizia e preparazione degli appartamenti. L&#8217;Immobiliare Idea Casa pu\u00f2 autorizzare le partenze di notte o comunque fuori orario, riservandosi di trattenere il deposito cauzionale di cui al punto successivo e di spedirla per posta dopo aver effettuato i necessari controlli. L&#8217;appartamento deve essere lasciato in ordine, senza immondizie (o rifiuti), i pavimenti spazzati, con le stoviglie lavate ed il frigo vuoto e sbrinato. Eventuali oggetti dimenticati in appartamento verranno gettati, se non richiesti, entro 3 giorni.<\/li><li><br><\/li>\n<li>NORME DI SOGGIORNO.&nbsp;<\/li><li>E&#8216; vietato ospitare un maggior numero di persone di quante non sia previsto dal numero di posti letto indicati nella nostra offerta e di quante non siano state registrate all\u2019arrivo. La presenza anche occasionale nell\u2019appartamento di un numero superiore comporter\u00e0 la risoluzione del contratto, ai sensi dell\u2019art. 1456 c.c. e l\u2019obbligo per il conduttore di versare una somma pari all\u2019ammontare del canone stabilito a titolo di penale, ai sensi dell\u2019art. 1382 c.c.. Tutti gli ospiti sono tenuti a rispettare il Regolamento interno e ad osservare scrupolosamente le norme relative alla quiete, particolarmente nelle ore pomeridiane e notturne. Gli animali domestici sono ammessi nelle nostre strutture, ma solo nel rispetto delle pi\u00f9 basilari regole del quieto vivere e del rispetto degli altri ospiti presenti.<\/li><li><br><\/li>\n<li>DOTAZIONE DEGLI APPARTAMENTI.&nbsp;<\/li><li>Tutti gli appartamenti vengono consegnati completamente arredati e provvisti di cucina, frigorifero, batteria da cucina, acqua calda e fredda. La biancheria, tovaglie e strofinacci non sono in dotazione negli appartamenti. I copri-materassi e i copri-cuscini non possono essere utilizzati come biancheria da letto, pena il risarcimento del danno. Normalmente non sono dotati di ferro da stiro ed asciugacapelli. Il conduttore dovr\u00e0 segnalare all\u2019Agenzia eventuali difetti dell\u2019unit\u00e0 immobiliare o dell\u2019arredo entro 24 ore dalla consegna dei locali. In mancanza di segnalazioni, i suddetti difetti e difformit\u00e0 si presumeranno imputabili al conduttore. Si prega di ritirare dal giardino o dal terrazzo le sedie ed il tavolo qualora l\u2019appartamento rimanga incustodito e di riavvolgere le tende parasole. E\u2019 vietato tenere porte e finestre aperte con il climatizzatore in funzione (dove presente). In caso di guasti all\u2019impianto di climatizzazione (dove predisposto), l\u2019agenzia garantisce l\u2019intervento di un tecnico entro 3 giorni dalla comunicazione del guasto (esclusi festivi).<\/li><li><br><\/li>\n<li>RESPONSABILITA\u2019 DELL\u2019AGENZIA.&nbsp;<\/li><li>L\u2019Immobiliare Idea Casa agisce soltanto in veste di intermediaria tra il cliente ed il proprietario dell\u2019appartamento. Nessuna responsabilit\u00e0 pu\u00f2 quindi esserle attribuita per eventuali rotture, infortuni, smarrimenti ed inconvenienti in genere che si dovessero verificare nell\u2019alloggio. Essa prester\u00e0 comunque i propri servizi per aiutare a risolvere eventuali problemi, fermo restando che eventuali richieste di risarcimento danni vanno indirizzate al proprietario per tramite dell\u2019Immobiliare Idea Casa.<\/li><li><br><\/li>\n<li>NORME PARTICOLARI.&nbsp;<\/li><li>L\u2019Agenzia si riserva il diritto di ispezionare i locali, onde verificare la scrupolosa tenuta. Qualora dall\u2019ispezione dovessero emergere gravi inosservanze, la locazione si intender\u00e0 risolta di diritto, con effetto immediato, per inadempimento imputabile al Cliente e l\u2019Agenzia potr\u00e0 intimare l\u2019immediata liberazione dei locali, avvalendosi se necessario, della forza pubblica, fatto salvo il diritto di richiedere il risarcimento di eventuali danni. Il personale dipendente dell\u2019Agenzia o di ditte di fiducia della stessa \u00e8 autorizzato ad entrare negli appartamenti in caso di necessit\u00e0, anche in assenza degli occupanti. L\u2019Agenzia si riserva, in caso di gravi imprevisti nell\u2019assegnazione dell\u2019appartamento prenotato, il diritto di sostituirlo con altro avente le medesime caratteristiche.<\/li><li><br><\/li>\n<li>CAUZIONE.&nbsp;<\/li><li>L&#8217;inquilino si impegna ad avere la massima cura dell&#8217;appartamento e delle apparecchiature domestiche. Eventuali danni devono essere risarciti a prezzo di listino. A garanzia del puntuale rispetto di quanto scritto e all&#8217;impegno di lasciare l&#8217;appartamento in ordine e pulito alla partenza, il cliente \u00e9 tenuto a versare al momento dell&#8217;arrivo un deposito cauzionale. Tale cauzione sar\u00e0 restituita alla partenza dopo aver effettuato il controllo dell&#8217;appartamento. Dalla somma che il conduttore consegner\u00e0 a titolo di cauzione verranno detratti, al momento della restituzione, gli importi necessari per la riparazione degli eventuali danni sofferti dall\u2019immobile e\/o dagli arredi, e a lui imputabili. Qualora l\u2019ammontare dei danni dovesse superare quello del deposito cauzionale, anche questa differenza dovr\u00e0 essere versata all\u2019Agente, che la incasser\u00e0 sempre per conto del proprietario.<\/li><li><br><\/li>\n<li>RESPONSABILITA&#8216; CLIENTE.&nbsp;<\/li><li>Con la sottoscrizione del contratto il cliente dichiara di aver preso piena conoscenza di tutte le condizioni del contratto e di accettarle integralmente e incondizionatamente.<\/li>\n<\/ol>\t\t\t\t\t\t<\/div>\n\t\t\t\t<\/div>\n\t\t\t\t\t<\/div>\n\t\t<\/div>\n\t\t\t\t\t<\/div>\n\t\t<\/section>\n\t\t\t\t<\/div>\n\t\t","protected":false},"excerpt":{"rendered":"<p>CONDIZIONI GENERALI D\u2019AFFITTO PRENOTAZIONE. La prenotazione \u00e8 da intendersi definitivamente confermata solo al ricevimento della &#8222;conferma di affitto&#8220; che l&#8217;Immobiliare Idea Casa spedir\u00e0\/consegner\u00e0 immediatamente dopo aver ricevuto la caparra. PAGAMENTO. Il 30% del canone d&#8217;affitto (minimo di \u20ac 100,00) deve essere versato a titolo di caparra direttamente all&#8217;Immobiliare Idea Casa o presso l\u2019Immobiliare stessa o &hellip;<\/p>\n","protected":false},"author":1,"featured_media":0,"parent":0,"menu_order":0,"comment_status":"closed","ping_status":"closed","template":"","meta":{"footnotes":""},"acf":[],"_links":{"self":[{"href":"https:\/\/www.ideacasajesolo.it\/de\/wp-json\/wp\/v2\/pages\/1176"}],"collection":[{"href":"https:\/\/www.ideacasajesolo.it\/de\/wp-json\/wp\/v2\/pages"}],"about":[{"href":"https:\/\/www.ideacasajesolo.it\/de\/wp-json\/wp\/v2\/types\/page"}],"author":[{"embeddable":true,"href":"https:\/\/www.ideacasajesolo.it\/de\/wp-json\/wp\/v2\/users\/1"}],"replies":[{"embeddable":true,"href":"https:\/\/www.ideacasajesolo.it\/de\/wp-json\/wp\/v2\/comments?post=1176"}],"version-history":[{"count":1,"href":"https:\/\/www.ideacasajesolo.it\/de\/wp-json\/wp\/v2\/pages\/1176\/revisions"}],"predecessor-version":[{"id":1177,"href":"https:\/\/www.ideacasajesolo.it\/de\/wp-json\/wp\/v2\/pages\/1176\/revisions\/1177"}],"wp:attachment":[{"href":"https:\/\/www.ideacasajesolo.it\/de\/wp-json\/wp\/v2\/media?parent=1176"}],"curies":[{"name":"wp","href":"https:\/\/api.w.org\/{rel}","templated":true}]}}